{"id":95609,"date":"2023-04-27T12:54:15","date_gmt":"2023-04-27T11:54:15","guid":{"rendered":"https:\/\/www.subtechsports.com\/?post_type=product&#038;p=95609"},"modified":"2023-09-26T14:13:04","modified_gmt":"2023-09-26T13:13:04","slug":"multitool","status":"publish","type":"product","link":"http:\/\/www.subtechsports.com\/de\/product\/multitool\/","title":{"rendered":"Multi-Tool"},"content":{"rendered":"<p>&nbsp;<\/p>\n<p>&nbsp;<\/p>","protected":false},"excerpt":{"rendered":"<p>Edelstahl-Multi-Tool entwickelt, um Ihre allt\u00e4glichen Probleme zu l\u00f6sen und in Notf\u00e4llen zu helfen. Die am meisten ben\u00f6tigten 16 Werkzeugfunktionen in einem leichten, sehr robusten Kompaktformat verpackt.<\/p>\n<p><span style=\"color: #fdd100;\">Kostenloser Versand weltweit.<\/span><\/p>\n<p>&nbsp;<\/p>\n<p>&nbsp;<\/p>","protected":false},"featured_media":95612,"comment_status":"open","ping_status":"closed","template":"","meta":{"_acf_changed":false},"product_brand":[],"product_cat":[68],"product_tag":[222],"class_list":{"0":"post-95609","1":"product","2":"type-product","3":"status-publish","4":"has-post-thumbnail","6":"product_cat-accessories","7":"product_tag-multitool","9":"first","10":"instock","11":"taxable","12":"shipping-taxable","13":"purchasable","14":"product-type-simple"},"acf":[],"_links":{"self":[{"href":"http:\/\/www.subtechsports.com\/de\/wp-json\/wp\/v2\/product\/95609","targetHints":{"allow":["GET"]}}],"collection":[{"href":"http:\/\/www.subtechsports.com\/de\/wp-json\/wp\/v2\/product"}],"about":[{"href":"http:\/\/www.subtechsports.com\/de\/wp-json\/wp\/v2\/types\/product"}],"replies":[{"embeddable":true,"href":"http:\/\/www.subtechsports.com\/de\/wp-json\/wp\/v2\/comments?post=95609"}],"version-history":[{"count":7,"href":"http:\/\/www.subtechsports.com\/de\/wp-json\/wp\/v2\/product\/95609\/revisions"}],"predecessor-version":[{"id":98565,"href":"http:\/\/www.subtechsports.com\/de\/wp-json\/wp\/v2\/product\/95609\/revisions\/98565"}],"wp:featuredmedia":[{"embeddable":true,"href":"http:\/\/www.subtechsports.com\/de\/wp-json\/wp\/v2\/media\/95612"}],"wp:attachment":[{"href":"http:\/\/www.subtechsports.com\/de\/wp-json\/wp\/v2\/media?parent=95609"}],"wp:term":[{"taxonomy":"product_brand","embeddable":true,"href":"http:\/\/www.subtechsports.com\/de\/wp-json\/wp\/v2\/product_brand?post=95609"},{"taxonomy":"product_cat","embeddable":true,"href":"http:\/\/www.subtechsports.com\/de\/wp-json\/wp\/v2\/product_cat?post=95609"},{"taxonomy":"product_tag","embeddable":true,"href":"http:\/\/www.subtechsports.com\/de\/wp-json\/wp\/v2\/product_tag?post=95609"}],"curies":[{"name":"wp","href":"https:\/\/api.w.org\/{rel}","templated":true}]}}