{"id":75836,"date":"2020-09-05T14:35:20","date_gmt":"2020-09-05T12:35:20","guid":{"rendered":"https:\/\/www.subtechsports.com\/?page_id=75836"},"modified":"2020-11-03T07:39:21","modified_gmt":"2020-11-03T06:39:21","slug":"sustainability","status":"publish","type":"page","link":"https:\/\/www.subtechsports.com\/de\/sustainability\/","title":{"rendered":"Nachhaltigkeit"},"content":{"rendered":"<div data-elementor-type=\"wp-page\" data-elementor-id=\"75836\" class=\"elementor elementor-75836\" data-elementor-post-type=\"page\">\n\t\t\t\t\t\t<section class=\"elementor-section elementor-top-section elementor-element elementor-element-d952fee elementor-section-boxed elementor-section-height-default elementor-section-height-default\" data-id=\"d952fee\" data-element_type=\"section\" data-e-type=\"section\">\n\t\t\t\t\t\t<div class=\"elementor-container elementor-column-gap-default\">\n\t\t\t\t\t<div class=\"elementor-column elementor-col-100 elementor-top-column elementor-element elementor-element-c77ce63\" data-id=\"c77ce63\" data-element_type=\"column\" data-e-type=\"column\">\n\t\t\t<div class=\"elementor-widget-wrap elementor-element-populated\">\n\t\t\t\t\t\t<div class=\"elementor-element elementor-element-a74adcd elementor-widget elementor-widget-heading\" data-id=\"a74adcd\" data-element_type=\"widget\" data-e-type=\"widget\" data-widget_type=\"heading.default\">\n\t\t\t\t<div class=\"elementor-widget-container\">\n\t\t\t\t\t<h2 class=\"elementor-heading-title elementor-size-default\">Nachhaltigkeit<\/h2>\t\t\t\t<\/div>\n\t\t\t\t<\/div>\n\t\t\t\t<div class=\"elementor-element elementor-element-d65f2cf elementor-widget elementor-widget-spacer\" data-id=\"d65f2cf\" data-element_type=\"widget\" data-e-type=\"widget\" data-widget_type=\"spacer.default\">\n\t\t\t\t<div class=\"elementor-widget-container\">\n\t\t\t\t\t\t\t<div class=\"elementor-spacer\">\n\t\t\t<div class=\"elementor-spacer-inner\"><\/div>\n\t\t<\/div>\n\t\t\t\t\t\t<\/div>\n\t\t\t\t<\/div>\n\t\t\t\t<div class=\"elementor-element elementor-element-4b44f3b elementor-widget elementor-widget-image\" data-id=\"4b44f3b\" data-element_type=\"widget\" data-e-type=\"widget\" data-widget_type=\"image.default\">\n\t\t\t\t<div class=\"elementor-widget-container\">\n\t\t\t\t\t\t\t\t\t\t\t\t\t\t\t<img fetchpriority=\"high\" decoding=\"async\" width=\"1024\" height=\"768\" src=\"https:\/\/www.subtechsports.com\/wp-content\/uploads\/2018\/07\/Trash-Tiki_IN-partnership-with-Subtech-Sports-1024x768.jpg\" class=\"attachment-large size-large wp-image-50178\" alt=\"\" srcset=\"https:\/\/www.subtechsports.com\/wp-content\/uploads\/2018\/07\/Trash-Tiki_IN-partnership-with-Subtech-Sports-1024x768.jpg 1024w, https:\/\/www.subtechsports.com\/wp-content\/uploads\/2018\/07\/Trash-Tiki_IN-partnership-with-Subtech-Sports-680x510.jpg 680w, https:\/\/www.subtechsports.com\/wp-content\/uploads\/2018\/07\/Trash-Tiki_IN-partnership-with-Subtech-Sports-840x630.jpg 840w, https:\/\/www.subtechsports.com\/wp-content\/uploads\/2018\/07\/Trash-Tiki_IN-partnership-with-Subtech-Sports-300x225.jpg 300w, https:\/\/www.subtechsports.com\/wp-content\/uploads\/2018\/07\/Trash-Tiki_IN-partnership-with-Subtech-Sports-768x576.jpg 768w\" sizes=\"(max-width: 1024px) 100vw, 1024px\" \/>\t\t\t\t\t\t\t\t\t\t\t\t\t\t\t<\/div>\n\t\t\t\t<\/div>\n\t\t\t\t<div class=\"elementor-element elementor-element-0f64c62 elementor-widget elementor-widget-text-editor\" data-id=\"0f64c62\" data-element_type=\"widget\" data-e-type=\"widget\" data-widget_type=\"text-editor.default\">\n\t\t\t\t<div class=\"elementor-widget-container\">\n\t\t\t\t\t\t\t\t\t<p>Der Schutz unseres Planeten f\u00fcr k\u00fcnftige Generationen ist ein fester Bestandteil unserer Kultur, und wir bem\u00fchen uns, Nachhaltigkeit in alles, was wir tun, zu integrieren.<br>Obwohl unsere Taschen bereits f\u00fcr eine lange Lebensdauer ausgelegt sind, entwickeln und testen wir st\u00e4ndig neue Materialien und setzen verst\u00e4rkt recycelte Materialien ein, ohne dabei Kompromisse bei der Wasserdichtigkeit unserer Produkte einzugehen.<\/p>\n<p>Heute bestehen unsere Taschen und Rei\u00dfverschl\u00fcsse zu fast 50 % aus recycelten Materialien. Unser Ziel ist es, im Jahr 2025 zu mehr als 90 % aus recycelten Materialien zu bestehen und damit ein Beispiel zu setzen, das andere in der Branche ermutigt, dasselbe zu tun. Sollten Sie aus irgendeinem Grund Probleme mit Ihrem Produkt haben, werden unsere hochqualifizierten Techniker Ihre Tasche reparieren und damit den Lebenszyklus unserer Produkte verl\u00e4ngern.<\/p>\n<p>Sie haben auch die M\u00f6glichkeit, Ihre gebrauchte\/besch\u00e4digte Tasche gegen einen Rabatt beim Kauf einer neuen einzutauschen. So k\u00f6nnen wir die Tasche reparieren und sie einer der gemeinn\u00fctzigen Organisationen, mit denen wir eng zusammenarbeiten, ein neues Leben schenken. Wir helfen ihnen, ihre Forschungsausr\u00fcstung trocken zu halten, damit sie sich darauf konzentrieren k\u00f6nnen, die Weltmeere f\u00fcr k\u00fcnftige Generationen zu retten.<\/p>\n<p>F\u00fcr R\u00fcckfragen kontaktieren Sie uns bitte unter <a href=\"mailto:info@subtechsports.com\">info@subtechsports.com.<\/a><\/p>\t\t\t\t\t\t\t\t<\/div>\n\t\t\t\t<\/div>\n\t\t\t\t\t<\/div>\n\t\t<\/div>\n\t\t\t\t\t<\/div>\n\t\t<\/section>\n\t\t\t\t<\/div>","protected":false},"excerpt":{"rendered":"<p>Sustainability Protecting the planet for future generations is an integral part of our culture, and we strive to incorporate sustainability into everything we do.Even though our bags are already made to last a lifetime, we are constantly developing and testing new materials and increasing the use of recycled materials without compromising on the waterproof features [&hellip;]<\/p>","protected":false},"author":1,"featured_media":0,"parent":0,"menu_order":0,"comment_status":"closed","ping_status":"closed","template":"","meta":{"_acf_changed":false,"footnotes":""},"class_list":["post-75836","page","type-page","status-publish","hentry"],"acf":[],"_links":{"self":[{"href":"https:\/\/www.subtechsports.com\/de\/wp-json\/wp\/v2\/pages\/75836","targetHints":{"allow":["GET"]}}],"collection":[{"href":"https:\/\/www.subtechsports.com\/de\/wp-json\/wp\/v2\/pages"}],"about":[{"href":"https:\/\/www.subtechsports.com\/de\/wp-json\/wp\/v2\/types\/page"}],"author":[{"embeddable":true,"href":"https:\/\/www.subtechsports.com\/de\/wp-json\/wp\/v2\/users\/1"}],"replies":[{"embeddable":true,"href":"https:\/\/www.subtechsports.com\/de\/wp-json\/wp\/v2\/comments?post=75836"}],"version-history":[{"count":0,"href":"https:\/\/www.subtechsports.com\/de\/wp-json\/wp\/v2\/pages\/75836\/revisions"}],"wp:attachment":[{"href":"https:\/\/www.subtechsports.com\/de\/wp-json\/wp\/v2\/media?parent=75836"}],"curies":[{"name":"wp","href":"https:\/\/api.w.org\/{rel}","templated":true}]}}