{"id":90783,"date":"2022-01-18T17:49:44","date_gmt":"2022-01-18T16:49:44","guid":{"rendered":"https:\/\/www.subtechsports.com\/?page_id=90783"},"modified":"2024-06-13T12:04:13","modified_gmt":"2024-06-13T11:04:13","slug":"investor","status":"publish","type":"page","link":"https:\/\/www.subtechsports.com\/de\/investor\/","title":{"rendered":"Investor"},"content":{"rendered":"<div data-elementor-type=\"wp-page\" data-elementor-id=\"90783\" class=\"elementor elementor-90783\" data-elementor-post-type=\"page\">\n\t\t\t\t\t\t<section class=\"elementor-section elementor-top-section elementor-element elementor-element-93af841 elementor-section-boxed elementor-section-height-default elementor-section-height-default\" data-id=\"93af841\" data-element_type=\"section\" data-e-type=\"section\">\n\t\t\t\t\t\t<div class=\"elementor-container elementor-column-gap-default\">\n\t\t\t\t\t<div class=\"elementor-column elementor-col-100 elementor-top-column elementor-element elementor-element-48c0c63\" data-id=\"48c0c63\" data-element_type=\"column\" data-e-type=\"column\">\n\t\t\t<div class=\"elementor-widget-wrap elementor-element-populated\">\n\t\t\t\t\t\t<div class=\"elementor-element elementor-element-0600359 elementor-widget elementor-widget-heading\" data-id=\"0600359\" data-element_type=\"widget\" data-e-type=\"widget\" data-widget_type=\"heading.default\">\n\t\t\t\t<div class=\"elementor-widget-container\">\n\t\t\t\t\t<h2 class=\"elementor-heading-title elementor-size-default\">INVESTORENBEZIEHUNGEN<\/h2>\t\t\t\t<\/div>\n\t\t\t\t<\/div>\n\t\t\t\t\t<\/div>\n\t\t<\/div>\n\t\t\t\t\t<\/div>\n\t\t<\/section>\n\t\t\t\t<section class=\"elementor-section elementor-top-section elementor-element elementor-element-7730fb7 elementor-section-boxed elementor-section-height-default elementor-section-height-default\" data-id=\"7730fb7\" data-element_type=\"section\" data-e-type=\"section\">\n\t\t\t\t\t\t<div class=\"elementor-container elementor-column-gap-default\">\n\t\t\t\t\t<div class=\"elementor-column elementor-col-100 elementor-top-column elementor-element elementor-element-f66d863\" data-id=\"f66d863\" data-element_type=\"column\" data-e-type=\"column\">\n\t\t\t<div class=\"elementor-widget-wrap elementor-element-populated\">\n\t\t\t\t\t\t<div class=\"elementor-element elementor-element-b2d7e7f elementor-widget elementor-widget-heading\" data-id=\"b2d7e7f\" data-element_type=\"widget\" data-e-type=\"widget\" data-widget_type=\"heading.default\">\n\t\t\t\t<div class=\"elementor-widget-container\">\n\t\t\t\t\t<h4 class=\"elementor-heading-title elementor-size-default\">\u00dcber SUBTECH SPORTS<\/h4>\t\t\t\t<\/div>\n\t\t\t\t<\/div>\n\t\t\t\t<div class=\"elementor-element elementor-element-1ca15aa elementor-widget elementor-widget-text-editor\" data-id=\"1ca15aa\" data-element_type=\"widget\" data-e-type=\"widget\" data-widget_type=\"text-editor.default\">\n\t\t\t\t<div class=\"elementor-widget-container\">\n\t\t\t\t\t\t\t\t\t<p>SUBTECH SPORTS ist ein preisgekr\u00f6nter Hersteller von wasserdichten Taschen, die von einigen der weltbesten Extremsportler und Guinness-Weltrekord-Abenteurer rund um den Globus verwendet werden.&nbsp;<span style=\"font-size: 1rem;\">Unsere Kernwerte sind Funktion, Qualit\u00e4t und Langlebigkeit, denn unsere Produkte sind so gebaut, dass sie den extremsten Bedingungen standhalten und trotzdem ein Leben lang halten. Aus diesem Grund haben Luftwaffe, Milit\u00e4r, Polizei, Marine, K\u00fcstenwache, Seenotrettung usw. unsere Produkte sorgf\u00e4ltig ausgew\u00e4hlt, um ihre Ausr\u00fcstung jederzeit zu sch\u00fctzen.<\/span><\/p>\n<p><span style=\"font-size: 1rem;\">Wir sind stolz darauf, dass wir eine Nachhaltigkeitsinitiative mit der Bezeichnung&nbsp;<\/span><a href=\"https:\/\/www.subtechsports.com\/de\/renewed\/\" target=\"_blank\" rel=\"noopener\">RENEWED<\/a><span style=\"font-size: 1rem;\">&nbsp;die unsere Kernwerte Funktion, Qualit\u00e4t und Langlebigkeit auf die n\u00e4chste Stufe hebt, indem wir ein Kreislaufwirtschaftsmodell schaffen, das unsere Kunden zu loyalen, zufriedenen und stolzen SUBTECH-Botschaftern macht.<\/span><\/p>\t\t\t\t\t\t\t\t<\/div>\n\t\t\t\t<\/div>\n\t\t\t\t\t<\/div>\n\t\t<\/div>\n\t\t\t\t\t<\/div>\n\t\t<\/section>\n\t\t\t\t<section class=\"elementor-section elementor-top-section elementor-element elementor-element-3546d75 elementor-section-boxed elementor-section-height-default elementor-section-height-default\" data-id=\"3546d75\" data-element_type=\"section\" data-e-type=\"section\">\n\t\t\t\t\t\t<div class=\"elementor-container elementor-column-gap-default\">\n\t\t\t\t\t<div class=\"elementor-column elementor-col-50 elementor-top-column elementor-element elementor-element-e612b90\" data-id=\"e612b90\" data-element_type=\"column\" data-e-type=\"column\">\n\t\t\t<div class=\"elementor-widget-wrap elementor-element-populated\">\n\t\t\t\t\t\t<div class=\"elementor-element elementor-element-145b41c elementor-widget elementor-widget-image\" data-id=\"145b41c\" data-element_type=\"widget\" data-e-type=\"widget\" data-widget_type=\"image.default\">\n\t\t\t\t<div class=\"elementor-widget-container\">\n\t\t\t\t\t\t\t\t\t\t\t\t<figure class=\"wp-caption\">\n\t\t\t\t\t\t\t\t\t\t<img decoding=\"async\" src=\"https:\/\/www.subtechsports.com\/wp-content\/uploads\/elementor\/thumbs\/predrag1500844-pjeebps8grwua5mwhudvb9y7ltvaty4t8t28pmycxk.jpg\" title=\"predrag1500844\" alt=\"predrag1500844\" loading=\"lazy\" \/>\t\t\t\t\t\t\t\t\t\t\t<figcaption class=\"widget-image-caption wp-caption-text\">Extreme Photographer - Predrag Vuckovic<\/figcaption>\n\t\t\t\t\t\t\t\t\t\t<\/figure>\n\t\t\t\t\t\t\t\t\t<\/div>\n\t\t\t\t<\/div>\n\t\t\t\t\t<\/div>\n\t\t<\/div>\n\t\t\t\t<div class=\"elementor-column elementor-col-50 elementor-top-column elementor-element elementor-element-9c8ffc9\" data-id=\"9c8ffc9\" data-element_type=\"column\" data-e-type=\"column\">\n\t\t\t<div class=\"elementor-widget-wrap elementor-element-populated\">\n\t\t\t\t\t\t<div class=\"elementor-element elementor-element-1be241c elementor-widget elementor-widget-image\" data-id=\"1be241c\" data-element_type=\"widget\" data-e-type=\"widget\" data-widget_type=\"image.default\">\n\t\t\t\t<div class=\"elementor-widget-container\">\n\t\t\t\t\t\t\t\t\t\t\t\t<figure class=\"wp-caption\">\n\t\t\t\t\t\t\t\t\t\t<img decoding=\"async\" src=\"https:\/\/www.subtechsports.com\/wp-content\/uploads\/elementor\/thumbs\/Big-Wave-Surf-Champion1500844-pjee1uh8peegdjz04ksw4rlz26ik0cy9vygpb1l69k.jpg\" title=\"Big-Wave-Surf-Champion1500844\" alt=\"Big-Wave-Surf-Champion1500844\" loading=\"lazy\" \/>\t\t\t\t\t\t\t\t\t\t\t<figcaption class=\"widget-image-caption wp-caption-text\">Big Wave Surf World Champion - Lucas Chumbo<\/figcaption>\n\t\t\t\t\t\t\t\t\t\t<\/figure>\n\t\t\t\t\t\t\t\t\t<\/div>\n\t\t\t\t<\/div>\n\t\t\t\t\t<\/div>\n\t\t<\/div>\n\t\t\t\t\t<\/div>\n\t\t<\/section>\n\t\t\t\t<section class=\"elementor-section elementor-top-section elementor-element elementor-element-5460a7e elementor-section-boxed elementor-section-height-default elementor-section-height-default\" data-id=\"5460a7e\" data-element_type=\"section\" data-e-type=\"section\">\n\t\t\t\t\t\t<div class=\"elementor-container elementor-column-gap-default\">\n\t\t\t\t\t<div class=\"elementor-column elementor-col-100 elementor-top-column elementor-element elementor-element-80e0298\" data-id=\"80e0298\" data-element_type=\"column\" data-e-type=\"column\">\n\t\t\t<div class=\"elementor-widget-wrap elementor-element-populated\">\n\t\t\t\t\t\t<div class=\"elementor-element elementor-element-51b15d0 elementor-widget elementor-widget-heading\" data-id=\"51b15d0\" data-element_type=\"widget\" data-e-type=\"widget\" data-widget_type=\"heading.default\">\n\t\t\t\t<div class=\"elementor-widget-container\">\n\t\t\t\t\t<h4 class=\"elementor-heading-title elementor-size-default\">Investieren in SUBTECH SPORTS<\/h4>\t\t\t\t<\/div>\n\t\t\t\t<\/div>\n\t\t\t\t<div class=\"elementor-element elementor-element-b87de6d elementor-widget elementor-widget-text-editor\" data-id=\"b87de6d\" data-element_type=\"widget\" data-e-type=\"widget\" data-widget_type=\"text-editor.default\">\n\t\t\t\t<div class=\"elementor-widget-container\">\n\t\t\t\t\t\t\t\t\t<p>Wir von SUBTECH haben ein klares Ziel: Wir wollen die weltweite Nummer 1 bei wasserdichten Taschen sein. Wir haben bereits einen weiten Weg zur\u00fcckgelegt, da unsere Produkte sorgf\u00e4ltig von Fachleuten ausgew\u00e4hlt wurden, die empfindliche Ausr\u00fcstung 25m\/80ft unter der Oberfl\u00e4che transportieren und unsere Taschen von der R\u00fcckseite von Flugzeugen in einer H\u00f6he von 3000m\/10.000ft direkt in den Ozean werfen, und dennoch halten unsere Produkte Jahr f\u00fcr Jahr.<\/p><p><span style=\"font-size: 1rem;\">Was uns von unseren Mitbewerbern unterscheidet, ist die Organisationskultur, die mit SUBTECH verbunden ist. In nur wenigen Jahren ist es uns gelungen, ein globales Netzwerk von Sportlern aufzubauen, die t\u00e4glich von ihrer Leidenschaft leben. Diese Personen sind zum Eckpfeiler des Unternehmens geworden, vom professionellen Kitesurfer bis zum Guinness-Weltrekord-Abenteurer. Jede Person auf <a href=\"https:\/\/www.subtechsports.com\/de\/teamsubtech\/\" target=\"_blank\" rel=\"noopener\">TEAM SUBTECH<\/a> Durch das Sammeln von Wissen und Erfahrungen jedes Einzelnen aus dem Team haben wir den entscheidenden Vorteil, unsere Forschung und Entwicklung weiter voranzutreiben, um sicherzustellen, dass wir unseren Mitbewerbern immer einen Schritt voraus sind und unser Produktportfolio mit neuen, innovativen und preisgekr\u00f6nten Taschen erweitern k\u00f6nnen, um unsere Position als weltweite Nummer 1 im Bereich wasserdichte Taschen zu sichern.<\/span><\/p><p><span style=\"font-size: 1rem;\">SUBTECH hat es sich zur Aufgabe gemacht, seine Produkte weltweit \u00fcber ein Netzwerk von Distributoren mit \u00fcber 30.000 Einzelh\u00e4ndlern, ein eigenes Netzwerk von Wiederverk\u00e4ufern und \u00fcber eine eigene Online-Verkaufsplattform mit lokalen Lagern in Europa, im asiatisch-pazifischen Raum (und ab 2023 auch in den USA) zu vertreiben.\u00a0<\/span><span style=\"font-size: 1rem;\">In unserem Heimatmarkt Schweden und den nordischen L\u00e4ndern sind unsere Produkte ab 2022 \u00fcber die wichtigsten Sport-, Outdoor- und Telekommunikationsh\u00e4ndler wie Stadium, Outnorth, Widforss, Addnature, Dustin, Elgiganten\/Elkjop und viele weitere in den USA und Europa erh\u00e4ltlich.\u00a0<\/span><\/p><p>Wir sind auch stolz darauf, dass wir 2022 zum besten wasserdichten Beutel der Welt gew\u00e4hlt wurden bei der <a href=\"https:\/\/www.carryology.com\/projects\/carry-awards\/best-waterproof-bag-champion-carry-awards-ix\/\" target=\"_blank\" rel=\"noopener\">Carry Awards IX<\/a>.<\/p><p><span style=\"font-size: 1rem;\">Wenn Sie daran interessiert sind, in den aufstrebenden Weltmarktf\u00fchrer f\u00fcr wasserdichte Taschen zu investieren und Teil unseres erfolgreichen Teams zu werden, w\u00fcrden wir uns freuen, von Ihnen zu h\u00f6ren.<\/span><\/p>\t\t\t\t\t\t\t\t<\/div>\n\t\t\t\t<\/div>\n\t\t\t\t\t<\/div>\n\t\t<\/div>\n\t\t\t\t\t<\/div>\n\t\t<\/section>\n\t\t\t\t<section class=\"elementor-section elementor-top-section elementor-element elementor-element-41fbd8f elementor-section-boxed elementor-section-height-default elementor-section-height-default\" data-id=\"41fbd8f\" data-element_type=\"section\" data-e-type=\"section\">\n\t\t\t\t\t\t<div class=\"elementor-container elementor-column-gap-default\">\n\t\t\t\t\t<div class=\"elementor-column elementor-col-100 elementor-top-column elementor-element elementor-element-42d7385\" data-id=\"42d7385\" data-element_type=\"column\" data-e-type=\"column\">\n\t\t\t<div class=\"elementor-widget-wrap elementor-element-populated\">\n\t\t\t\t\t\t<div class=\"elementor-element elementor-element-8413546 elementor-widget elementor-widget-heading\" data-id=\"8413546\" data-element_type=\"widget\" data-e-type=\"widget\" data-widget_type=\"heading.default\">\n\t\t\t\t<div class=\"elementor-widget-container\">\n\t\t\t\t\t<h5 class=\"elementor-heading-title elementor-size-default\">Some examples of our previous crowdfunding campaigns<\/h5>\t\t\t\t<\/div>\n\t\t\t\t<\/div>\n\t\t\t\t<div class=\"elementor-element elementor-element-749b215 elementor-widget elementor-widget-text-editor\" data-id=\"749b215\" data-element_type=\"widget\" data-e-type=\"widget\" data-widget_type=\"text-editor.default\">\n\t\t\t\t<div class=\"elementor-widget-container\">\n\t\t\t\t\t\t\t\t\t<ul><li><a href=\"https:\/\/www.kickstarter.com\/projects\/subtech\/tactical-everyday-backpack-built-for-extreme-missions\" target=\"_blank\" rel=\"noopener\">TACTICAL BACKPACK BUILT FOR ADVENTURES<\/a><\/li><li><span style=\"font-size: 1rem;\"><a href=\"https:\/\/www.indiegogo.com\/projects\/the-world-s-most-extreme-drybag\/\" target=\"_blank\" rel=\"noopener\">DER EXTREMSTE DRYBAG DER WELT<\/a><\/span><\/li><li><a href=\"https:\/\/www.kickstarter.com\/projects\/subtech\/award-winning-pro-drybag-20\" target=\"_blank\" rel=\"noopener\">AWARD-WINNING PRO DRYBAG 2.0<\/a><\/li><\/ul>\t\t\t\t\t\t\t\t<\/div>\n\t\t\t\t<\/div>\n\t\t\t\t\t<\/div>\n\t\t<\/div>\n\t\t\t\t\t<\/div>\n\t\t<\/section>\n\t\t\t\t<section class=\"elementor-section elementor-top-section elementor-element elementor-element-7e0d07a elementor-section-boxed elementor-section-height-default elementor-section-height-default\" data-id=\"7e0d07a\" data-element_type=\"section\" data-e-type=\"section\">\n\t\t\t\t\t\t<div class=\"elementor-container elementor-column-gap-default\">\n\t\t\t\t\t<div class=\"elementor-column elementor-col-100 elementor-top-column elementor-element elementor-element-9854a02\" data-id=\"9854a02\" data-element_type=\"column\" data-e-type=\"column\">\n\t\t\t<div class=\"elementor-widget-wrap elementor-element-populated\">\n\t\t\t\t\t\t<div class=\"elementor-element elementor-element-9b8e4bb elementor-widget elementor-widget-heading\" data-id=\"9b8e4bb\" data-element_type=\"widget\" data-e-type=\"widget\" data-widget_type=\"heading.default\">\n\t\t\t\t<div class=\"elementor-widget-container\">\n\t\t\t\t\t<h2 class=\"elementor-heading-title elementor-size-default\">Kontaktieren Sie uns direkt<\/h2>\t\t\t\t<\/div>\n\t\t\t\t<\/div>\n\t\t\t\t\t<\/div>\n\t\t<\/div>\n\t\t\t\t\t<\/div>\n\t\t<\/section>\n\t\t\t\t<section class=\"elementor-section elementor-top-section elementor-element elementor-element-a073641 elementor-hidden-desktop elementor-hidden-tablet elementor-section-boxed elementor-section-height-default elementor-section-height-default\" data-id=\"a073641\" data-element_type=\"section\" data-e-type=\"section\">\n\t\t\t\t\t\t<div class=\"elementor-container elementor-column-gap-default\">\n\t\t\t\t\t<div class=\"elementor-column elementor-col-50 elementor-top-column elementor-element elementor-element-af32c76\" data-id=\"af32c76\" data-element_type=\"column\" data-e-type=\"column\">\n\t\t\t<div class=\"elementor-widget-wrap elementor-element-populated\">\n\t\t\t\t\t\t<div class=\"elementor-element elementor-element-8ba537a elementor-widget elementor-widget-image\" data-id=\"8ba537a\" data-element_type=\"widget\" data-e-type=\"widget\" data-widget_type=\"image.default\">\n\t\t\t\t<div class=\"elementor-widget-container\">\n\t\t\t\t\t\t\t\t\t\t\t\t\t\t\t<img decoding=\"async\" width=\"150\" height=\"150\" src=\"https:\/\/www.subtechsports.com\/wp-content\/uploads\/2022\/01\/el-150x150.jpg\" class=\"attachment-thumbnail size-thumbnail wp-image-90862\" alt=\"\" srcset=\"https:\/\/www.subtechsports.com\/wp-content\/uploads\/2022\/01\/el.jpg 150w, https:\/\/www.subtechsports.com\/wp-content\/uploads\/2022\/01\/el-100x100.jpg 100w\" sizes=\"(max-width: 150px) 100vw, 150px\" \/>\t\t\t\t\t\t\t\t\t\t\t\t\t\t\t<\/div>\n\t\t\t\t<\/div>\n\t\t\t\t\t<\/div>\n\t\t<\/div>\n\t\t\t\t<div class=\"elementor-column elementor-col-50 elementor-top-column elementor-element elementor-element-7621aef\" data-id=\"7621aef\" data-element_type=\"column\" data-e-type=\"column\">\n\t\t\t<div class=\"elementor-widget-wrap elementor-element-populated\">\n\t\t\t\t\t\t<div class=\"elementor-element elementor-element-a4a50f5 elementor-widget elementor-widget-text-editor\" data-id=\"a4a50f5\" data-element_type=\"widget\" data-e-type=\"widget\" data-widget_type=\"text-editor.default\">\n\t\t\t\t<div class=\"elementor-widget-container\">\n\t\t\t\t\t\t\t\t\t<p><b>Erik Lyth, Founder &amp; CEO<\/b><\/p>\n<p><a href=\"mailto:erik@subtechsports.com\">erik@subtechsports.com<\/a><\/p>\t\t\t\t\t\t\t\t<\/div>\n\t\t\t\t<\/div>\n\t\t\t\t<div class=\"elementor-element elementor-element-d717252 elementor-shape-rounded elementor-grid-0 e-grid-align-center elementor-widget elementor-widget-social-icons\" data-id=\"d717252\" data-element_type=\"widget\" data-e-type=\"widget\" data-widget_type=\"social-icons.default\">\n\t\t\t\t<div class=\"elementor-widget-container\">\n\t\t\t\t\t\t\t<div class=\"elementor-social-icons-wrapper elementor-grid\">\n\t\t\t\t\t\t\t<span class=\"elementor-grid-item\">\n\t\t\t\t\t<a class=\"elementor-icon elementor-social-icon elementor-social-icon-linkedin elementor-repeater-item-b7da4fb\" href=\"https:\/\/www.linkedin.com\/in\/erik-lyth-731ba14\/\" target=\"_blank\">\n\t\t\t\t\t\t<span class=\"elementor-screen-only\">LinkedIn<\/span>\n\t\t\t\t\t\t<i aria-hidden=\"true\" class=\"fab fa-linkedin\"><\/i>\t\t\t\t\t<\/a>\n\t\t\t\t<\/span>\n\t\t\t\t\t<\/div>\n\t\t\t\t\t\t<\/div>\n\t\t\t\t<\/div>\n\t\t\t\t\t<\/div>\n\t\t<\/div>\n\t\t\t\t\t<\/div>\n\t\t<\/section>\n\t\t\t\t<section class=\"elementor-section elementor-top-section elementor-element elementor-element-89db4bf elementor-hidden-mobile elementor-section-boxed elementor-section-height-default elementor-section-height-default\" data-id=\"89db4bf\" data-element_type=\"section\" data-e-type=\"section\">\n\t\t\t\t\t\t<div class=\"elementor-container elementor-column-gap-default\">\n\t\t\t\t\t<div class=\"elementor-column elementor-col-50 elementor-top-column elementor-element elementor-element-db79e39\" data-id=\"db79e39\" data-element_type=\"column\" data-e-type=\"column\">\n\t\t\t<div class=\"elementor-widget-wrap elementor-element-populated\">\n\t\t\t\t\t\t<div class=\"elementor-element elementor-element-752c542 elementor-widget elementor-widget-image\" data-id=\"752c542\" data-element_type=\"widget\" data-e-type=\"widget\" data-widget_type=\"image.default\">\n\t\t\t\t<div class=\"elementor-widget-container\">\n\t\t\t\t\t\t\t\t\t\t\t\t\t\t\t<img decoding=\"async\" width=\"150\" height=\"150\" src=\"https:\/\/www.subtechsports.com\/wp-content\/uploads\/2022\/01\/el-150x150.jpg\" class=\"attachment-thumbnail size-thumbnail wp-image-90862\" alt=\"\" srcset=\"https:\/\/www.subtechsports.com\/wp-content\/uploads\/2022\/01\/el.jpg 150w, https:\/\/www.subtechsports.com\/wp-content\/uploads\/2022\/01\/el-100x100.jpg 100w\" sizes=\"(max-width: 150px) 100vw, 150px\" \/>\t\t\t\t\t\t\t\t\t\t\t\t\t\t\t<\/div>\n\t\t\t\t<\/div>\n\t\t\t\t\t<\/div>\n\t\t<\/div>\n\t\t\t\t<div class=\"elementor-column elementor-col-50 elementor-top-column elementor-element elementor-element-4eabb83\" data-id=\"4eabb83\" data-element_type=\"column\" data-e-type=\"column\">\n\t\t\t<div class=\"elementor-widget-wrap\">\n\t\t\t\t\t\t\t<\/div>\n\t\t<\/div>\n\t\t\t\t\t<\/div>\n\t\t<\/section>\n\t\t\t\t<section class=\"elementor-section elementor-top-section elementor-element elementor-element-7ee902c elementor-hidden-mobile elementor-section-boxed elementor-section-height-default elementor-section-height-default\" data-id=\"7ee902c\" data-element_type=\"section\" data-e-type=\"section\">\n\t\t\t\t\t\t<div class=\"elementor-container elementor-column-gap-default\">\n\t\t\t\t\t<div class=\"elementor-column elementor-col-50 elementor-top-column elementor-element elementor-element-c6011dd\" data-id=\"c6011dd\" data-element_type=\"column\" data-e-type=\"column\">\n\t\t\t<div class=\"elementor-widget-wrap elementor-element-populated\">\n\t\t\t\t\t\t<div class=\"elementor-element elementor-element-2dbecef elementor-widget elementor-widget-text-editor\" data-id=\"2dbecef\" data-element_type=\"widget\" data-e-type=\"widget\" data-widget_type=\"text-editor.default\">\n\t\t\t\t<div class=\"elementor-widget-container\">\n\t\t\t\t\t\t\t\t\t<p><b>Erik Lyth, Founder &amp; CEO<\/b><\/p>\n<p><a href=\"mailto:erik@subtechsports.com\">erik@subtechsports.com<\/a><\/p>\t\t\t\t\t\t\t\t<\/div>\n\t\t\t\t<\/div>\n\t\t\t\t<div class=\"elementor-element elementor-element-eb9fad0 elementor-shape-rounded elementor-grid-0 e-grid-align-center elementor-widget elementor-widget-social-icons\" data-id=\"eb9fad0\" data-element_type=\"widget\" data-e-type=\"widget\" data-widget_type=\"social-icons.default\">\n\t\t\t\t<div class=\"elementor-widget-container\">\n\t\t\t\t\t\t\t<div class=\"elementor-social-icons-wrapper elementor-grid\">\n\t\t\t\t\t\t\t<span class=\"elementor-grid-item\">\n\t\t\t\t\t<a class=\"elementor-icon elementor-social-icon elementor-social-icon-linkedin elementor-repeater-item-b7da4fb\" href=\"https:\/\/www.linkedin.com\/in\/erik-lyth-731ba14\/\" target=\"_blank\">\n\t\t\t\t\t\t<span class=\"elementor-screen-only\">LinkedIn<\/span>\n\t\t\t\t\t\t<i aria-hidden=\"true\" class=\"fab fa-linkedin\"><\/i>\t\t\t\t\t<\/a>\n\t\t\t\t<\/span>\n\t\t\t\t\t<\/div>\n\t\t\t\t\t\t<\/div>\n\t\t\t\t<\/div>\n\t\t\t\t\t<\/div>\n\t\t<\/div>\n\t\t\t\t<div class=\"elementor-column elementor-col-50 elementor-top-column elementor-element elementor-element-b3a3481\" data-id=\"b3a3481\" data-element_type=\"column\" data-e-type=\"column\">\n\t\t\t<div class=\"elementor-widget-wrap\">\n\t\t\t\t\t\t\t<\/div>\n\t\t<\/div>\n\t\t\t\t\t<\/div>\n\t\t<\/section>\n\t\t\t\t<section class=\"elementor-section elementor-top-section elementor-element elementor-element-c816605 elementor-section-boxed elementor-section-height-default elementor-section-height-default\" data-id=\"c816605\" data-element_type=\"section\" data-e-type=\"section\">\n\t\t\t\t\t\t<div class=\"elementor-container elementor-column-gap-default\">\n\t\t\t\t\t<div class=\"elementor-column elementor-col-100 elementor-top-column elementor-element elementor-element-2b0dcaf\" data-id=\"2b0dcaf\" data-element_type=\"column\" data-e-type=\"column\">\n\t\t\t<div class=\"elementor-widget-wrap elementor-element-populated\">\n\t\t\t\t\t\t<div class=\"elementor-element elementor-element-2fe3558 elementor-widget-divider--view-line elementor-widget elementor-widget-divider\" data-id=\"2fe3558\" data-element_type=\"widget\" data-e-type=\"widget\" data-widget_type=\"divider.default\">\n\t\t\t\t<div class=\"elementor-widget-container\">\n\t\t\t\t\t\t\t<div class=\"elementor-divider\">\n\t\t\t<span class=\"elementor-divider-separator\">\n\t\t\t\t\t\t<\/span>\n\t\t<\/div>\n\t\t\t\t\t\t<\/div>\n\t\t\t\t<\/div>\n\t\t\t\t<div class=\"elementor-element elementor-element-d47fdf6 elementor-widget elementor-widget-heading\" data-id=\"d47fdf6\" data-element_type=\"widget\" data-e-type=\"widget\" data-widget_type=\"heading.default\">\n\t\t\t\t<div class=\"elementor-widget-container\">\n\t\t\t\t\t<h2 class=\"elementor-heading-title elementor-size-default\">Wir stellen unser Winning Team vor!<\/h2>\t\t\t\t<\/div>\n\t\t\t\t<\/div>\n\t\t\t\t<div class=\"elementor-element elementor-element-15724f7 elementor-widget elementor-widget-video\" data-id=\"15724f7\" data-element_type=\"widget\" data-e-type=\"widget\" data-settings=\"{&quot;youtube_url&quot;:&quot;https:\\\/\\\/www.youtube.com\\\/watch?v=dXqUyvFVnQg&quot;,&quot;video_type&quot;:&quot;youtube&quot;,&quot;controls&quot;:&quot;yes&quot;}\" data-widget_type=\"video.default\">\n\t\t\t\t<div class=\"elementor-widget-container\">\n\t\t\t\t\t\t\t<div class=\"elementor-wrapper elementor-open-inline\">\n\t\t\t<div class=\"elementor-video\"><\/div>\t\t<\/div>\n\t\t\t\t\t\t<\/div>\n\t\t\t\t<\/div>\n\t\t\t\t\t<\/div>\n\t\t<\/div>\n\t\t\t\t\t<\/div>\n\t\t<\/section>\n\t\t\t\t<\/div>","protected":false},"excerpt":{"rendered":"<p>INVESTOR RELATIONS About SUBTECH SPORTS SUBTECH SPORTS is an award-winning waterproof bag company used by some of the world\u2019s best extreme sports athletes and Guinness World Record adventurers around the globe.&nbsp;Our core values are Function, Quality and Durability as our products are built to withstand the most extreme conditions you can possibly imagine and still [&hellip;]<\/p>","protected":false},"author":1,"featured_media":0,"parent":0,"menu_order":0,"comment_status":"closed","ping_status":"closed","template":"","meta":{"_acf_changed":false,"footnotes":""},"class_list":["post-90783","page","type-page","status-publish","hentry"],"acf":[],"_links":{"self":[{"href":"https:\/\/www.subtechsports.com\/de\/wp-json\/wp\/v2\/pages\/90783","targetHints":{"allow":["GET"]}}],"collection":[{"href":"https:\/\/www.subtechsports.com\/de\/wp-json\/wp\/v2\/pages"}],"about":[{"href":"https:\/\/www.subtechsports.com\/de\/wp-json\/wp\/v2\/types\/page"}],"author":[{"embeddable":true,"href":"https:\/\/www.subtechsports.com\/de\/wp-json\/wp\/v2\/users\/1"}],"replies":[{"embeddable":true,"href":"https:\/\/www.subtechsports.com\/de\/wp-json\/wp\/v2\/comments?post=90783"}],"version-history":[{"count":80,"href":"https:\/\/www.subtechsports.com\/de\/wp-json\/wp\/v2\/pages\/90783\/revisions"}],"predecessor-version":[{"id":97868,"href":"https:\/\/www.subtechsports.com\/de\/wp-json\/wp\/v2\/pages\/90783\/revisions\/97868"}],"wp:attachment":[{"href":"https:\/\/www.subtechsports.com\/de\/wp-json\/wp\/v2\/media?parent=90783"}],"curies":[{"name":"wp","href":"https:\/\/api.w.org\/{rel}","templated":true}]}}