{"id":49955,"date":"2018-06-15T11:30:56","date_gmt":"2018-06-15T10:30:56","guid":{"rendered":"https:\/\/www.subtechsports.com\/?post_type=product&#038;p=49955"},"modified":"2025-06-09T15:06:17","modified_gmt":"2025-06-09T14:06:17","slug":"smart-pack-system-small","status":"publish","type":"product","link":"https:\/\/www.subtechsports.com\/de\/product\/smart-pack-system-small\/","title":{"rendered":"Smart Pack System (klein)"},"content":{"rendered":"","protected":false},"excerpt":{"rendered":"<p><span style=\"font-weight: 400;\">Vollst\u00e4ndig anpassbare F\u00e4cher sorgen daf\u00fcr, dass Ihre Ausr\u00fcstung und elektronischen Ger\u00e4te in diesem leichten, spritzwassergesch\u00fctzten und leicht zug\u00e4nglichen Smart Pack System gut organisiert und gesch\u00fctzt sind.<\/span><\/p>\n<p><span style=\"font-weight: 400;\">Das Smart Pack System (klein) ist konzipiert f\u00fcr <a href=\"https:\/\/www.subtechsports.com\/de\/product\/pro-drybag-55l\/\" target=\"_blank\" rel=\"noopener\">PRO DRYPACK 55L<\/a>, <a href=\"https:\/\/www.subtechsports.com\/de\/product\/pro-drypack-30l\/\" target=\"_blank\" rel=\"noopener\">PRO DRYPACK 30L <\/a>und <a href=\"https:\/\/www.subtechsports.com\/de\/product\/drypack\/\" target=\"_blank\" rel=\"noopener\">DRYPACK 38L<\/a> und kann in Kombination mit dem Shockproof Inflatable System verwendet werden, aber auch in jeder anderen Tasche, jedem Rucksack oder Koffer oder als eigenst\u00e4ndige Tasche eingesetzt werden.<\/span><\/p>\n<p><span style=\"font-weight: 400;\">Wenn Sie ihn einmal haben, werden Sie ihn auf all Ihre Reisen mitnehmen wollen, um Ihre Ausr\u00fcstung perfekt organisiert zu halten.<\/span><\/p>\n<p><span style=\"color: #fdd100;\">Kostenloser Versand weltweit. <\/span><\/p>\n<p>&nbsp;<\/p>\n<p>&nbsp;<\/p>","protected":false},"featured_media":76103,"comment_status":"open","ping_status":"closed","template":"","meta":{"_acf_changed":false},"product_brand":[],"product_cat":[223],"product_tag":[155],"class_list":{"0":"post-49955","1":"product","2":"type-product","3":"status-publish","4":"has-post-thumbnail","6":"product_cat-organizer-bags","7":"product_tag-smart-pack-system-small","8":"product_shipping_class-spss","10":"first","11":"instock","12":"taxable","13":"shipping-taxable","14":"purchasable","15":"product-type-simple"},"acf":[],"_links":{"self":[{"href":"https:\/\/www.subtechsports.com\/de\/wp-json\/wp\/v2\/product\/49955","targetHints":{"allow":["GET"]}}],"collection":[{"href":"https:\/\/www.subtechsports.com\/de\/wp-json\/wp\/v2\/product"}],"about":[{"href":"https:\/\/www.subtechsports.com\/de\/wp-json\/wp\/v2\/types\/product"}],"replies":[{"embeddable":true,"href":"https:\/\/www.subtechsports.com\/de\/wp-json\/wp\/v2\/comments?post=49955"}],"version-history":[{"count":32,"href":"https:\/\/www.subtechsports.com\/de\/wp-json\/wp\/v2\/product\/49955\/revisions"}],"predecessor-version":[{"id":98125,"href":"https:\/\/www.subtechsports.com\/de\/wp-json\/wp\/v2\/product\/49955\/revisions\/98125"}],"wp:featuredmedia":[{"embeddable":true,"href":"https:\/\/www.subtechsports.com\/de\/wp-json\/wp\/v2\/media\/76103"}],"wp:attachment":[{"href":"https:\/\/www.subtechsports.com\/de\/wp-json\/wp\/v2\/media?parent=49955"}],"wp:term":[{"taxonomy":"product_brand","embeddable":true,"href":"https:\/\/www.subtechsports.com\/de\/wp-json\/wp\/v2\/product_brand?post=49955"},{"taxonomy":"product_cat","embeddable":true,"href":"https:\/\/www.subtechsports.com\/de\/wp-json\/wp\/v2\/product_cat?post=49955"},{"taxonomy":"product_tag","embeddable":true,"href":"https:\/\/www.subtechsports.com\/de\/wp-json\/wp\/v2\/product_tag?post=49955"}],"curies":[{"name":"wp","href":"https:\/\/api.w.org\/{rel}","templated":true}]}}