{"id":50092,"date":"2018-06-28T13:57:52","date_gmt":"2018-06-28T12:57:52","guid":{"rendered":"https:\/\/www.subtechsports.com\/?post_type=product&#038;p=50092"},"modified":"2025-06-09T14:43:25","modified_gmt":"2025-06-09T13:43:25","slug":"smart-pack-system-medium","status":"publish","type":"product","link":"https:\/\/www.subtechsports.com\/de\/product\/smart-pack-system-medium\/","title":{"rendered":"Smart Pack System (Medium)"},"content":{"rendered":"","protected":false},"excerpt":{"rendered":"<p><span style=\"font-weight: 400;\">Vollst\u00e4ndig anpassbare F\u00e4cher sorgen daf\u00fcr, dass Ihre Ausr\u00fcstung und elektronischen Ger\u00e4te in diesem leichten, spritzwassergesch\u00fctzten und leicht zug\u00e4nglichen Smart Pack System gut organisiert und gesch\u00fctzt sind.<\/span><\/p>\n<p><span style=\"font-weight: 400;\">Das Smart Pack System (Medium) ist konzipiert f\u00fcr <a href=\"https:\/\/www.subtechsports.com\/de\/product\/dry-totebag-90l\/\" target=\"_blank\" rel=\"noopener\">DRY TOTEBAG 90L<\/a> und kann verwendet werden f\u00fcr <a href=\"https:\/\/www.subtechsports.com\/de\/product\/pro-drybag-55l\/\" target=\"_blank\" rel=\"noopener\">PRO DRYPACK 55L<\/a> (ohne <a href=\"https:\/\/www.subtechsports.com\/de\/product\/shockproof-inflatable-system\/\" target=\"_blank\" rel=\"noopener\">Sto\u00dfsicheres aufblasbares System<\/a>) oder kann in jeder anderen Tasche oder jedem Koffer innerhalb der Abmessungen verwendet werden oder als eigenst\u00e4ndige Tasche stehen.<\/span><\/p>\n<p><span style=\"font-weight: 400;\">Wenn Sie ihn einmal haben, werden Sie ihn auf all Ihre Reisen mitnehmen wollen, um Ihre Ausr\u00fcstung perfekt organisiert zu halten.<\/span><\/p>\n<p><span style=\"color: #fdd100;\">Bestellen Sie jetzt die Version 2.0 mit kostenlosem Versand vor. Lieferung im September.<br \/>\n<\/span><\/p>\n<p>&nbsp;<\/p>\n<p>&nbsp;<\/p>","protected":false},"featured_media":76095,"comment_status":"open","ping_status":"closed","template":"","meta":{"_acf_changed":false},"product_brand":[],"product_cat":[223],"product_tag":[154],"class_list":{"0":"post-50092","1":"product","2":"type-product","3":"status-publish","4":"has-post-thumbnail","6":"product_cat-organizer-bags","7":"product_tag-smart-pack-system-medium","8":"product_shipping_class-spsm","10":"first","11":"onbackorder","12":"taxable","13":"shipping-taxable","14":"purchasable","15":"product-type-simple"},"acf":[],"_links":{"self":[{"href":"https:\/\/www.subtechsports.com\/de\/wp-json\/wp\/v2\/product\/50092","targetHints":{"allow":["GET"]}}],"collection":[{"href":"https:\/\/www.subtechsports.com\/de\/wp-json\/wp\/v2\/product"}],"about":[{"href":"https:\/\/www.subtechsports.com\/de\/wp-json\/wp\/v2\/types\/product"}],"replies":[{"embeddable":true,"href":"https:\/\/www.subtechsports.com\/de\/wp-json\/wp\/v2\/comments?post=50092"}],"version-history":[{"count":26,"href":"https:\/\/www.subtechsports.com\/de\/wp-json\/wp\/v2\/product\/50092\/revisions"}],"predecessor-version":[{"id":91060,"href":"https:\/\/www.subtechsports.com\/de\/wp-json\/wp\/v2\/product\/50092\/revisions\/91060"}],"wp:featuredmedia":[{"embeddable":true,"href":"https:\/\/www.subtechsports.com\/de\/wp-json\/wp\/v2\/media\/76095"}],"wp:attachment":[{"href":"https:\/\/www.subtechsports.com\/de\/wp-json\/wp\/v2\/media?parent=50092"}],"wp:term":[{"taxonomy":"product_brand","embeddable":true,"href":"https:\/\/www.subtechsports.com\/de\/wp-json\/wp\/v2\/product_brand?post=50092"},{"taxonomy":"product_cat","embeddable":true,"href":"https:\/\/www.subtechsports.com\/de\/wp-json\/wp\/v2\/product_cat?post=50092"},{"taxonomy":"product_tag","embeddable":true,"href":"https:\/\/www.subtechsports.com\/de\/wp-json\/wp\/v2\/product_tag?post=50092"}],"curies":[{"name":"wp","href":"https:\/\/api.w.org\/{rel}","templated":true}]}}