{"id":49399,"date":"2017-09-13T11:16:23","date_gmt":"2017-09-13T10:16:23","guid":{"rendered":"https:\/\/www.subtechsports.com\/?post_type=product&#038;p=49399"},"modified":"2024-06-29T00:36:51","modified_gmt":"2024-06-28T23:36:51","slug":"drycase","status":"publish","type":"product","link":"https:\/\/www.subtechsports.com\/sv\/produkt\/drycase\/","title":{"rendered":"DRYCASE"},"content":{"rendered":"","protected":false},"excerpt":{"rendered":"<p>DRYCASE \u00e4r ett laptop case f\u00f6r \u00e4ventyrare men med sin eleganta och funktionella design \u00e4r det ocks\u00e5 perfekt i vardagen, jobbet, skolan samt p\u00e5 resa.<\/p>\n<p>En toppmodern kombination av skyddande material, stilren design och skr\u00e4ddarsydd passform som h\u00e5ller din v\u00e4rdefulla dator torr i ur och skur.<\/p>\n<p>Resultatet \u00e4r ett slimmat, l\u00e4ttviktsfodral som kan anv\u00e4ndas p\u00e5 de mest extrema platserna som v\u00e5r planet erbjuder och som fungerar lika bra i vardagen.<\/p>\n<p><span style=\"color: #fdd100;\">Fri Frakt.<\/span><\/p>\n<p>&nbsp;<\/p>\n<p>&nbsp;<\/p>","protected":false},"featured_media":76001,"comment_status":"open","ping_status":"closed","template":"","meta":{"_acf_changed":false},"product_brand":[],"product_cat":[97],"product_tag":[151],"class_list":{"0":"post-49399","1":"product","2":"type-product","3":"status-publish","4":"has-post-thumbnail","6":"product_cat-laptop-cases","7":"product_tag-drycase","8":"product_shipping_class-drycase","10":"first","11":"instock","12":"taxable","13":"shipping-taxable","14":"purchasable","15":"product-type-variable"},"acf":[],"_links":{"self":[{"href":"https:\/\/www.subtechsports.com\/sv\/wp-json\/wp\/v2\/product\/49399","targetHints":{"allow":["GET"]}}],"collection":[{"href":"https:\/\/www.subtechsports.com\/sv\/wp-json\/wp\/v2\/product"}],"about":[{"href":"https:\/\/www.subtechsports.com\/sv\/wp-json\/wp\/v2\/types\/product"}],"replies":[{"embeddable":true,"href":"https:\/\/www.subtechsports.com\/sv\/wp-json\/wp\/v2\/comments?post=49399"}],"version-history":[{"count":8,"href":"https:\/\/www.subtechsports.com\/sv\/wp-json\/wp\/v2\/product\/49399\/revisions"}],"predecessor-version":[{"id":90142,"href":"https:\/\/www.subtechsports.com\/sv\/wp-json\/wp\/v2\/product\/49399\/revisions\/90142"}],"wp:featuredmedia":[{"embeddable":true,"href":"https:\/\/www.subtechsports.com\/sv\/wp-json\/wp\/v2\/media\/76001"}],"wp:attachment":[{"href":"https:\/\/www.subtechsports.com\/sv\/wp-json\/wp\/v2\/media?parent=49399"}],"wp:term":[{"taxonomy":"product_brand","embeddable":true,"href":"https:\/\/www.subtechsports.com\/sv\/wp-json\/wp\/v2\/product_brand?post=49399"},{"taxonomy":"product_cat","embeddable":true,"href":"https:\/\/www.subtechsports.com\/sv\/wp-json\/wp\/v2\/product_cat?post=49399"},{"taxonomy":"product_tag","embeddable":true,"href":"https:\/\/www.subtechsports.com\/sv\/wp-json\/wp\/v2\/product_tag?post=49399"}],"curies":[{"name":"wp","href":"https:\/\/api.w.org\/{rel}","templated":true}]}}