{"id":49861,"date":"2018-06-08T12:45:00","date_gmt":"2018-06-08T10:45:00","guid":{"rendered":"https:\/\/www.subtechsports.com\/?post_type=product&#038;p=49861"},"modified":"2026-03-12T10:21:41","modified_gmt":"2026-03-12T09:21:41","slug":"pro-drybag-55l","status":"publish","type":"product","link":"https:\/\/www.subtechsports.com\/sv\/produkt\/pro-drybag-55l\/","title":{"rendered":"PRO DRYBAG 55L"},"content":{"rendered":"","protected":false},"excerpt":{"rendered":"<p class=\"ai-optimize-11\">PRO DRYBAG 55L \u00e4r en 100% vattent\u00e4t, luftt\u00e4t och flytande duffelv\u00e4ska. Perfekt f\u00f6r \u00e4ventyrliga m\u00e4nniskor som vill skydda sin utrustning i extrema milj\u00f6er.<\/p>\n<p class=\"ai-optimize-12\"><span style=\"color: #fdd100;\">Nya 4.0 Serien. Fri Frakt.<\/span><\/p>\n<p>&nbsp;<\/p>\n<p>&nbsp;<\/p>","protected":false},"featured_media":92405,"comment_status":"open","ping_status":"closed","template":"","meta":{"_acf_changed":false},"product_brand":[],"product_cat":[69],"product_tag":[158],"class_list":{"0":"post-49861","1":"product","2":"type-product","3":"status-publish","4":"has-post-thumbnail","6":"product_cat-bags","7":"product_tag-pro-drybag-45l","8":"product_shipping_class-55l","10":"first","11":"instock","12":"taxable","13":"shipping-taxable","14":"purchasable","15":"product-type-woosg"},"acf":[],"_links":{"self":[{"href":"https:\/\/www.subtechsports.com\/sv\/wp-json\/wp\/v2\/product\/49861","targetHints":{"allow":["GET"]}}],"collection":[{"href":"https:\/\/www.subtechsports.com\/sv\/wp-json\/wp\/v2\/product"}],"about":[{"href":"https:\/\/www.subtechsports.com\/sv\/wp-json\/wp\/v2\/types\/product"}],"replies":[{"embeddable":true,"href":"https:\/\/www.subtechsports.com\/sv\/wp-json\/wp\/v2\/comments?post=49861"}],"version-history":[{"count":29,"href":"https:\/\/www.subtechsports.com\/sv\/wp-json\/wp\/v2\/product\/49861\/revisions"}],"predecessor-version":[{"id":99905,"href":"https:\/\/www.subtechsports.com\/sv\/wp-json\/wp\/v2\/product\/49861\/revisions\/99905"}],"wp:featuredmedia":[{"embeddable":true,"href":"https:\/\/www.subtechsports.com\/sv\/wp-json\/wp\/v2\/media\/92405"}],"wp:attachment":[{"href":"https:\/\/www.subtechsports.com\/sv\/wp-json\/wp\/v2\/media?parent=49861"}],"wp:term":[{"taxonomy":"product_brand","embeddable":true,"href":"https:\/\/www.subtechsports.com\/sv\/wp-json\/wp\/v2\/product_brand?post=49861"},{"taxonomy":"product_cat","embeddable":true,"href":"https:\/\/www.subtechsports.com\/sv\/wp-json\/wp\/v2\/product_cat?post=49861"},{"taxonomy":"product_tag","embeddable":true,"href":"https:\/\/www.subtechsports.com\/sv\/wp-json\/wp\/v2\/product_tag?post=49861"}],"curies":[{"name":"wp","href":"https:\/\/api.w.org\/{rel}","templated":true}]}}