{"id":49864,"date":"2018-06-08T12:57:50","date_gmt":"2018-06-08T10:57:50","guid":{"rendered":"https:\/\/www.subtechsports.com\/?post_type=product&#038;p=49864"},"modified":"2026-03-16T10:19:18","modified_gmt":"2026-03-16T09:19:18","slug":"dry-totebag-90l","status":"publish","type":"product","link":"https:\/\/www.subtechsports.com\/sv\/produkt\/dry-totebag-90l\/","title":{"rendered":"DRY TOTEBAG 90L"},"content":{"rendered":"","protected":false},"excerpt":{"rendered":"<p>En oerh\u00f6rt robust, praktisk, \u00f6ppen totev\u00e4ska tillverkad i extra slitstarkt TPU material med RF-svetsade s\u00f6mmar f\u00f6r att s\u00e4kerst\u00e4lla att den \u00e4r helt vattent\u00e4t och h\u00e5ller en livstid.<br \/>\nTillverkad i extra slitstarkt material f\u00f6r att s\u00e4kerst\u00e4lla maximal h\u00e5llbarhet i kombination med l\u00e5g vikt.<\/p>\n<p><span style=\"color: #fdd100;\">Fri Frakt.<\/span><\/p>\n<p>&nbsp;<\/p>","protected":false},"featured_media":75981,"comment_status":"open","ping_status":"closed","template":"","meta":{"_acf_changed":false},"product_brand":[],"product_cat":[69],"product_tag":[149],"class_list":{"0":"post-49864","1":"product","2":"type-product","3":"status-publish","4":"has-post-thumbnail","6":"product_cat-bags","7":"product_tag-totebag","8":"product_shipping_class-tote","10":"first","11":"instock","12":"taxable","13":"shipping-taxable","14":"purchasable","15":"product-type-variable","16":"has-default-attributes"},"acf":[],"_links":{"self":[{"href":"https:\/\/www.subtechsports.com\/sv\/wp-json\/wp\/v2\/product\/49864","targetHints":{"allow":["GET"]}}],"collection":[{"href":"https:\/\/www.subtechsports.com\/sv\/wp-json\/wp\/v2\/product"}],"about":[{"href":"https:\/\/www.subtechsports.com\/sv\/wp-json\/wp\/v2\/types\/product"}],"replies":[{"embeddable":true,"href":"https:\/\/www.subtechsports.com\/sv\/wp-json\/wp\/v2\/comments?post=49864"}],"version-history":[{"count":11,"href":"https:\/\/www.subtechsports.com\/sv\/wp-json\/wp\/v2\/product\/49864\/revisions"}],"predecessor-version":[{"id":91062,"href":"https:\/\/www.subtechsports.com\/sv\/wp-json\/wp\/v2\/product\/49864\/revisions\/91062"}],"wp:featuredmedia":[{"embeddable":true,"href":"https:\/\/www.subtechsports.com\/sv\/wp-json\/wp\/v2\/media\/75981"}],"wp:attachment":[{"href":"https:\/\/www.subtechsports.com\/sv\/wp-json\/wp\/v2\/media?parent=49864"}],"wp:term":[{"taxonomy":"product_brand","embeddable":true,"href":"https:\/\/www.subtechsports.com\/sv\/wp-json\/wp\/v2\/product_brand?post=49864"},{"taxonomy":"product_cat","embeddable":true,"href":"https:\/\/www.subtechsports.com\/sv\/wp-json\/wp\/v2\/product_cat?post=49864"},{"taxonomy":"product_tag","embeddable":true,"href":"https:\/\/www.subtechsports.com\/sv\/wp-json\/wp\/v2\/product_tag?post=49864"}],"curies":[{"name":"wp","href":"https:\/\/api.w.org\/{rel}","templated":true}]}}