{"id":90625,"date":"2022-01-04T13:31:05","date_gmt":"2022-01-04T12:31:05","guid":{"rendered":"https:\/\/www.subtechsports.com\/?post_type=product&#038;p=90625"},"modified":"2026-01-16T11:07:55","modified_gmt":"2026-01-16T10:07:55","slug":"drypack","status":"publish","type":"product","link":"https:\/\/www.subtechsports.com\/sv\/produkt\/drypack\/","title":{"rendered":"DRYPACK 38L"},"content":{"rendered":"","protected":false},"excerpt":{"rendered":"<p class=\"ai-optimize-14\">V\u00e5r mycket popul\u00e4ra ryggs\u00e4ck har nu blivit \u00e4nnu b\u00e4ttre med denna nya 4.0 Serie. Framtagen f\u00f6r professionellt bruk och \u00e4ventyr men lika passande i vardagslivet, till jobbet, resor, gym, skola tack vare de 13 interna fickorna. Komprimeras enkelt fr\u00e5n 38 till 8 liter p\u00e5 nolltid.<br \/>\nGodk\u00e4nd som handbagage.<\/p>\n<p class=\"ai-optimize-16\"><span style=\"color: #fdd100;\">Fri Frakt. <\/span><\/p>\n<p class=\"ai-optimize-16\"><span style=\"color: #fdd100;\">F\u00f6rbest\u00e4ll v\u00e5r limiterade Camo-version | Leverans Juni 2026.<\/span><\/p>\n<p>&nbsp;<\/p>\n<p>&nbsp;<\/p>\n<p>&nbsp;<\/p>","protected":false},"featured_media":98585,"comment_status":"open","ping_status":"closed","template":"","meta":{"_acf_changed":false},"product_brand":[],"product_cat":[69],"product_tag":[196,197,198,199],"class_list":{"0":"post-90625","1":"product","2":"type-product","3":"status-publish","4":"has-post-thumbnail","6":"product_cat-bags","7":"product_tag-backpack","8":"product_tag-drypack","9":"product_tag-drypack-38l","10":"product_tag-drypack-8l","11":"product_shipping_class-drypack","13":"first","14":"instock","15":"taxable","16":"shipping-taxable","17":"purchasable","18":"product-type-variable","19":"has-default-attributes"},"acf":[],"_links":{"self":[{"href":"https:\/\/www.subtechsports.com\/sv\/wp-json\/wp\/v2\/product\/90625","targetHints":{"allow":["GET"]}}],"collection":[{"href":"https:\/\/www.subtechsports.com\/sv\/wp-json\/wp\/v2\/product"}],"about":[{"href":"https:\/\/www.subtechsports.com\/sv\/wp-json\/wp\/v2\/types\/product"}],"replies":[{"embeddable":true,"href":"https:\/\/www.subtechsports.com\/sv\/wp-json\/wp\/v2\/comments?post=90625"}],"version-history":[{"count":62,"href":"https:\/\/www.subtechsports.com\/sv\/wp-json\/wp\/v2\/product\/90625\/revisions"}],"predecessor-version":[{"id":97309,"href":"https:\/\/www.subtechsports.com\/sv\/wp-json\/wp\/v2\/product\/90625\/revisions\/97309"}],"wp:featuredmedia":[{"embeddable":true,"href":"https:\/\/www.subtechsports.com\/sv\/wp-json\/wp\/v2\/media\/98585"}],"wp:attachment":[{"href":"https:\/\/www.subtechsports.com\/sv\/wp-json\/wp\/v2\/media?parent=90625"}],"wp:term":[{"taxonomy":"product_brand","embeddable":true,"href":"https:\/\/www.subtechsports.com\/sv\/wp-json\/wp\/v2\/product_brand?post=90625"},{"taxonomy":"product_cat","embeddable":true,"href":"https:\/\/www.subtechsports.com\/sv\/wp-json\/wp\/v2\/product_cat?post=90625"},{"taxonomy":"product_tag","embeddable":true,"href":"https:\/\/www.subtechsports.com\/sv\/wp-json\/wp\/v2\/product_tag?post=90625"}],"curies":[{"name":"wp","href":"https:\/\/api.w.org\/{rel}","templated":true}]}}