{"id":97735,"date":"2025-02-12T13:17:53","date_gmt":"2025-02-12T12:17:53","guid":{"rendered":"https:\/\/www.subtechsports.com\/?post_type=product&#038;p=97735"},"modified":"2025-04-04T10:41:55","modified_gmt":"2025-04-04T09:41:55","slug":"tech-pouch","status":"publish","type":"product","link":"https:\/\/www.subtechsports.com\/sv\/produkt\/tech-pouch\/","title":{"rendered":"Tech Pouch"},"content":{"rendered":"","protected":false},"excerpt":{"rendered":"<p>Organiseringsv\u00e4ska f\u00f6r dina mindre prylar.<\/p>\n<p>Perfekt f\u00f6r din laddare, sladdar och andra mindre f\u00f6rem\u00e5l.<br \/>\nAlternativt sjukv\u00e5rdsartiklar.<\/p>\n<p>F\u00e4stes enkelt med kardborre i fodret p\u00e5 <a href=\"https:\/\/www.subtechsports.com\/sv\/produkt\/pro-drypack-30l\/\">Pro Drypack 30L<\/a>, Pro Drypouch 6.5L, <a href=\"https:\/\/www.subtechsports.com\/sv\/produkt\/pro-stealth-bag-50l\/\">Pro Stealth bag 50L<\/a>, baksidan p\u00e5 <a href=\"https:\/\/www.subtechsports.com\/sv\/produkt\/drypack\/\">Drypack 38L<\/a> . Alternativt separat i vilken v\u00e4ska som helst.<\/p>\n<p>Fri Frakt.<\/p>\n<p>&nbsp;<\/p>","protected":false},"featured_media":98833,"comment_status":"closed","ping_status":"closed","template":"","meta":{"_acf_changed":false},"product_brand":[],"product_cat":[223],"product_tag":[233],"class_list":{"0":"post-97735","1":"product","2":"type-product","3":"status-publish","4":"has-post-thumbnail","6":"product_cat-organizer-bags","7":"product_tag-techpouch","9":"first","10":"onbackorder","11":"taxable","12":"shipping-taxable","13":"purchasable","14":"product-type-simple"},"acf":[],"_links":{"self":[{"href":"https:\/\/www.subtechsports.com\/sv\/wp-json\/wp\/v2\/product\/97735","targetHints":{"allow":["GET"]}}],"collection":[{"href":"https:\/\/www.subtechsports.com\/sv\/wp-json\/wp\/v2\/product"}],"about":[{"href":"https:\/\/www.subtechsports.com\/sv\/wp-json\/wp\/v2\/types\/product"}],"replies":[{"embeddable":true,"href":"https:\/\/www.subtechsports.com\/sv\/wp-json\/wp\/v2\/comments?post=97735"}],"version-history":[{"count":9,"href":"https:\/\/www.subtechsports.com\/sv\/wp-json\/wp\/v2\/product\/97735\/revisions"}],"predecessor-version":[{"id":99046,"href":"https:\/\/www.subtechsports.com\/sv\/wp-json\/wp\/v2\/product\/97735\/revisions\/99046"}],"wp:featuredmedia":[{"embeddable":true,"href":"https:\/\/www.subtechsports.com\/sv\/wp-json\/wp\/v2\/media\/98833"}],"wp:attachment":[{"href":"https:\/\/www.subtechsports.com\/sv\/wp-json\/wp\/v2\/media?parent=97735"}],"wp:term":[{"taxonomy":"product_brand","embeddable":true,"href":"https:\/\/www.subtechsports.com\/sv\/wp-json\/wp\/v2\/product_brand?post=97735"},{"taxonomy":"product_cat","embeddable":true,"href":"https:\/\/www.subtechsports.com\/sv\/wp-json\/wp\/v2\/product_cat?post=97735"},{"taxonomy":"product_tag","embeddable":true,"href":"https:\/\/www.subtechsports.com\/sv\/wp-json\/wp\/v2\/product_tag?post=97735"}],"curies":[{"name":"wp","href":"https:\/\/api.w.org\/{rel}","templated":true}]}}