{"id":97883,"date":"2025-03-28T14:16:36","date_gmt":"2025-03-28T13:16:36","guid":{"rendered":"https:\/\/www.subtechsports.com\/?post_type=product&#038;p=97883"},"modified":"2025-10-30T12:11:26","modified_gmt":"2025-10-30T11:11:26","slug":"drypack-28l","status":"publish","type":"product","link":"https:\/\/www.subtechsports.com\/sv\/product\/drypack-28l\/","title":{"rendered":"DRYPACK 28L"},"content":{"rendered":"<div>Durable 28-Liter backpack built for adventures\u00a0but just as suitable for everyday living; commuting, travelling, gym, school, office thanks to the three separate padded compartments, 9 internal pockets and integrated laptop sleeve.\u00a0Carry-on approved.<\/div>\n<div><\/div>\n<div><\/div>\n<div>Begr\u00e4nsad upplaga - F\u00f6rbest\u00e4ll nu f\u00f6r leverans i augusti 2025.<\/div>\n<div>Fri Frakt.<\/div>\n<div><\/div>","protected":false},"excerpt":{"rendered":"<div>Slitstark 28-liters ryggs\u00e4ck byggd f\u00f6r \u00e4ventyr men lika passande f\u00f6r vardagsliv; pendling, resor, gym, skola, kontor tack vare de tre separata vadderade facken, 9 innerfickor och integrerat datorfodral i ryggpanelen.<\/div>\n<div><\/div>\n<div>\n<p class=\"ai-optimize-14\"><span style=\"color: #fdd100;\"><br \/>\nFri Frakt.<\/span><\/p>\n<p>&nbsp;<\/p>\n<\/div>","protected":false},"featured_media":99247,"comment_status":"closed","ping_status":"closed","template":"","meta":{"_acf_changed":false},"product_brand":[],"product_cat":[69],"product_tag":[236],"class_list":{"0":"post-97883","1":"product","2":"type-product","3":"status-publish","4":"has-post-thumbnail","6":"product_cat-bags","7":"product_tag-drypack28l","9":"first","10":"instock","11":"taxable","12":"shipping-taxable","13":"purchasable","14":"product-type-simple"},"acf":[],"_links":{"self":[{"href":"https:\/\/www.subtechsports.com\/sv\/wp-json\/wp\/v2\/product\/97883","targetHints":{"allow":["GET"]}}],"collection":[{"href":"https:\/\/www.subtechsports.com\/sv\/wp-json\/wp\/v2\/product"}],"about":[{"href":"https:\/\/www.subtechsports.com\/sv\/wp-json\/wp\/v2\/types\/product"}],"replies":[{"embeddable":true,"href":"https:\/\/www.subtechsports.com\/sv\/wp-json\/wp\/v2\/comments?post=97883"}],"version-history":[{"count":20,"href":"https:\/\/www.subtechsports.com\/sv\/wp-json\/wp\/v2\/product\/97883\/revisions"}],"predecessor-version":[{"id":99742,"href":"https:\/\/www.subtechsports.com\/sv\/wp-json\/wp\/v2\/product\/97883\/revisions\/99742"}],"wp:featuredmedia":[{"embeddable":true,"href":"https:\/\/www.subtechsports.com\/sv\/wp-json\/wp\/v2\/media\/99247"}],"wp:attachment":[{"href":"https:\/\/www.subtechsports.com\/sv\/wp-json\/wp\/v2\/media?parent=97883"}],"wp:term":[{"taxonomy":"product_brand","embeddable":true,"href":"https:\/\/www.subtechsports.com\/sv\/wp-json\/wp\/v2\/product_brand?post=97883"},{"taxonomy":"product_cat","embeddable":true,"href":"https:\/\/www.subtechsports.com\/sv\/wp-json\/wp\/v2\/product_cat?post=97883"},{"taxonomy":"product_tag","embeddable":true,"href":"https:\/\/www.subtechsports.com\/sv\/wp-json\/wp\/v2\/product_tag?post=97883"}],"curies":[{"name":"wp","href":"https:\/\/api.w.org\/{rel}","templated":true}]}}